{"id":176,"date":"2025-08-17T18:59:18","date_gmt":"2025-08-17T18:59:18","guid":{"rendered":"https:\/\/ayseven.com.tr\/?page_id=176"},"modified":"2025-08-18T18:50:44","modified_gmt":"2025-08-18T18:50:44","slug":"bakliyat","status":"publish","type":"page","link":"https:\/\/ayseven.com.tr\/en\/bakliyat\/","title":{"rendered":"Pulses"},"content":{"rendered":"<div data-elementor-type=\"wp-page\" data-elementor-id=\"176\" class=\"elementor elementor-176\" data-elementor-settings=\"{&quot;profecient_custom_cursor_toggle&quot;:false}\" data-elementor-post-type=\"page\">\n\t\t\t\t<div class=\"elementor-element elementor-element-aa42784 e-flex e-con-boxed e-con e-parent\" data-id=\"aa42784\" data-element_type=\"container\" data-settings=\"{&quot;profecient_background_motion_effects_toggle&quot;:0,&quot;profecient_custom_cursor_toggle&quot;:false,&quot;profecient_parallax_effects_toggle&quot;:0,&quot;profecient_mouse_effects_toggle&quot;:0}\">\n\t\t\t\t\t<div class=\"e-con-inner\">\n\t\t\t\t<div class=\"elementor-element elementor-element-a6e6735 elementor-widget elementor-widget-text-editor\" data-id=\"a6e6735\" data-element_type=\"widget\" data-widget_type=\"text-editor.default\">\n\t\t\t\t\t\t\t\t\t<p>Our legume products, which are indispensable on the table, are carefully cultivated from the most fertile soils. Rich sources of protein such as chickpeas, lentils, dried beans, and kidney beans always reach you in their freshest and most nutritious form.<\/p>\t\t\t\t\t\t\t\t<\/div>\n\t\t\t\t\t<\/div>\n\t\t\t\t<\/div>\n\t\t<div class=\"elementor-element elementor-element-1bd54bc e-con-full e-flex e-con e-parent\" data-id=\"1bd54bc\" data-element_type=\"container\" data-settings=\"{&quot;profecient_background_motion_effects_toggle&quot;:0,&quot;profecient_custom_cursor_toggle&quot;:false,&quot;profecient_parallax_effects_toggle&quot;:0,&quot;profecient_mouse_effects_toggle&quot;:0}\">\n\t\t<div class=\"elementor-element elementor-element-7cdc0e1 e-con-full e-flex e-con e-child\" data-id=\"7cdc0e1\" data-element_type=\"container\" data-settings=\"{&quot;profecient_background_motion_effects_toggle&quot;:0,&quot;profecient_custom_cursor_toggle&quot;:false,&quot;profecient_parallax_effects_toggle&quot;:0,&quot;profecient_mouse_effects_toggle&quot;:0}\">\n\t\t\t\t<div class=\"elementor-element elementor-element-4425f44 elementor-cta--skin-classic elementor-animated-content elementor-bg-transform elementor-bg-transform-zoom-in elementor-invisible elementor-widget elementor-widget-call-to-action\" data-id=\"4425f44\" data-element_type=\"widget\" data-settings=\"{&quot;_animation&quot;:&quot;fadeIn&quot;}\" data-widget_type=\"call-to-action.default\">\n\t\t\t\t\t\t\t<a class=\"elementor-cta\" href=\"https:\/\/ayseven.com.tr\/en\/iletisim\/\">\n\t\t\t\t\t<div class=\"elementor-cta__bg-wrapper\">\n\t\t\t\t<div class=\"elementor-cta__bg elementor-bg\" style=\"background-image: url(https:\/\/ayseven.com.tr\/wp-content\/uploads\/2025\/08\/Kirmizi-Mercimek.jpg);\" role=\"img\" aria-label=\"Kirmizi-Mercimek.jpg\"><\/div>\n\t\t\t\t<div class=\"elementor-cta__bg-overlay\"><\/div>\n\t\t\t<\/div>\n\t\t\t\t\t\t\t<div class=\"elementor-cta__content\">\n\t\t\t\t\n\t\t\t\t\t\t\t\t\t<h2 class=\"elementor-cta__title elementor-cta__content-item elementor-content-item\">\n\t\t\t\t\t\tRed Lentil\t\t\t\t\t<\/h2>\n\t\t\t\t\n\t\t\t\t\n\t\t\t\t\t\t\t<\/div>\n\t\t\t\t\t\t<\/a>\n\t\t\t\t\t\t<\/div>\n\t\t\t\t<\/div>\n\t\t<div class=\"elementor-element elementor-element-d3a10fd e-con-full e-flex e-con e-child\" data-id=\"d3a10fd\" data-element_type=\"container\" data-settings=\"{&quot;profecient_background_motion_effects_toggle&quot;:0,&quot;profecient_custom_cursor_toggle&quot;:false,&quot;profecient_parallax_effects_toggle&quot;:0,&quot;profecient_mouse_effects_toggle&quot;:0}\">\n\t\t\t\t<div class=\"elementor-element elementor-element-645223e elementor-cta--skin-classic elementor-animated-content elementor-bg-transform elementor-bg-transform-zoom-in elementor-invisible elementor-widget elementor-widget-call-to-action\" data-id=\"645223e\" data-element_type=\"widget\" data-settings=\"{&quot;_animation&quot;:&quot;fadeIn&quot;}\" data-widget_type=\"call-to-action.default\">\n\t\t\t\t\t\t\t<a class=\"elementor-cta\" href=\"https:\/\/ayseven.com.tr\/en\/iletisim\/\">\n\t\t\t\t\t<div class=\"elementor-cta__bg-wrapper\">\n\t\t\t\t<div class=\"elementor-cta__bg elementor-bg\" style=\"background-image: url(https:\/\/ayseven.com.tr\/wp-content\/uploads\/2025\/08\/Sari-Mercimek.jpg);\" role=\"img\" aria-label=\"Sari-Mercimek.jpg\"><\/div>\n\t\t\t\t<div class=\"elementor-cta__bg-overlay\"><\/div>\n\t\t\t<\/div>\n\t\t\t\t\t\t\t<div class=\"elementor-cta__content\">\n\t\t\t\t\n\t\t\t\t\t\t\t\t\t<h2 class=\"elementor-cta__title elementor-cta__content-item elementor-content-item\">\n\t\t\t\t\t\tYellow Lentil\t\t\t\t\t<\/h2>\n\t\t\t\t\n\t\t\t\t\n\t\t\t\t\t\t\t<\/div>\n\t\t\t\t\t\t<\/a>\n\t\t\t\t\t\t<\/div>\n\t\t\t\t<\/div>\n\t\t<div class=\"elementor-element elementor-element-66bdbda e-con-full e-flex e-con e-child\" data-id=\"66bdbda\" data-element_type=\"container\" data-settings=\"{&quot;profecient_background_motion_effects_toggle&quot;:0,&quot;profecient_custom_cursor_toggle&quot;:false,&quot;profecient_parallax_effects_toggle&quot;:0,&quot;profecient_mouse_effects_toggle&quot;:0}\">\n\t\t\t\t<div class=\"elementor-element elementor-element-de0abbb elementor-cta--skin-classic elementor-animated-content elementor-bg-transform elementor-bg-transform-zoom-in elementor-invisible elementor-widget elementor-widget-call-to-action\" data-id=\"de0abbb\" data-element_type=\"widget\" data-settings=\"{&quot;_animation&quot;:&quot;fadeIn&quot;}\" data-widget_type=\"call-to-action.default\">\n\t\t\t\t\t\t\t<a class=\"elementor-cta\" href=\"https:\/\/ayseven.com.tr\/en\/iletisim\/\">\n\t\t\t\t\t<div class=\"elementor-cta__bg-wrapper\">\n\t\t\t\t<div class=\"elementor-cta__bg elementor-bg\" style=\"background-image: url(https:\/\/ayseven.com.tr\/wp-content\/uploads\/2025\/08\/Yesil-Mercimek-600x600-1.jpg);\" role=\"img\" aria-label=\"Yesil-Mercimek-600x600-1.jpg\"><\/div>\n\t\t\t\t<div class=\"elementor-cta__bg-overlay\"><\/div>\n\t\t\t<\/div>\n\t\t\t\t\t\t\t<div class=\"elementor-cta__content\">\n\t\t\t\t\n\t\t\t\t\t\t\t\t\t<h2 class=\"elementor-cta__title elementor-cta__content-item elementor-content-item\">\n\t\t\t\t\t\tGreen Lentil\t\t\t\t\t<\/h2>\n\t\t\t\t\n\t\t\t\t\n\t\t\t\t\t\t\t<\/div>\n\t\t\t\t\t\t<\/a>\n\t\t\t\t\t\t<\/div>\n\t\t\t\t<\/div>\n\t\t<div class=\"elementor-element elementor-element-a744fe3 e-con-full e-flex e-con e-child\" data-id=\"a744fe3\" data-element_type=\"container\" data-settings=\"{&quot;profecient_background_motion_effects_toggle&quot;:0,&quot;profecient_custom_cursor_toggle&quot;:false,&quot;profecient_parallax_effects_toggle&quot;:0,&quot;profecient_mouse_effects_toggle&quot;:0}\">\n\t\t\t\t<div class=\"elementor-element elementor-element-6bc5a42 elementor-cta--skin-classic elementor-animated-content elementor-bg-transform elementor-bg-transform-zoom-in elementor-invisible elementor-widget elementor-widget-call-to-action\" data-id=\"6bc5a42\" data-element_type=\"widget\" data-settings=\"{&quot;_animation&quot;:&quot;fadeIn&quot;}\" data-widget_type=\"call-to-action.default\">\n\t\t\t\t\t\t\t<a class=\"elementor-cta\" href=\"https:\/\/ayseven.com.tr\/en\/iletisim\/\">\n\t\t\t\t\t<div class=\"elementor-cta__bg-wrapper\">\n\t\t\t\t<div class=\"elementor-cta__bg elementor-bg\" style=\"background-image: url(https:\/\/ayseven.com.tr\/wp-content\/uploads\/2025\/08\/nohut.jpg);\" role=\"img\" aria-label=\"nohut.jpg\"><\/div>\n\t\t\t\t<div class=\"elementor-cta__bg-overlay\"><\/div>\n\t\t\t<\/div>\n\t\t\t\t\t\t\t<div class=\"elementor-cta__content\">\n\t\t\t\t\n\t\t\t\t\t\t\t\t\t<h2 class=\"elementor-cta__title elementor-cta__content-item elementor-content-item\">\n\t\t\t\t\t\tChickpea\t\t\t\t\t<\/h2>\n\t\t\t\t\n\t\t\t\t\n\t\t\t\t\t\t\t<\/div>\n\t\t\t\t\t\t<\/a>\n\t\t\t\t\t\t<\/div>\n\t\t\t\t<\/div>\n\t\t\t\t<\/div>\n\t\t<div class=\"elementor-element elementor-element-02cfef0 e-flex e-con-boxed e-con e-parent\" data-id=\"02cfef0\" data-element_type=\"container\" data-settings=\"{&quot;profecient_background_motion_effects_toggle&quot;:0,&quot;profecient_custom_cursor_toggle&quot;:false,&quot;profecient_parallax_effects_toggle&quot;:0,&quot;profecient_mouse_effects_toggle&quot;:0}\">\n\t\t\t\t\t<div class=\"e-con-inner\">\n\t\t<div class=\"elementor-element elementor-element-0927044 e-con-full e-flex e-con e-child\" data-id=\"0927044\" data-element_type=\"container\" data-settings=\"{&quot;profecient_background_motion_effects_toggle&quot;:0,&quot;profecient_custom_cursor_toggle&quot;:false,&quot;profecient_parallax_effects_toggle&quot;:0,&quot;profecient_mouse_effects_toggle&quot;:0}\">\n\t\t\t\t<div class=\"elementor-element elementor-element-ef61ec4 elementor-cta--skin-classic elementor-animated-content elementor-bg-transform elementor-bg-transform-zoom-in elementor-invisible elementor-widget elementor-widget-call-to-action\" data-id=\"ef61ec4\" data-element_type=\"widget\" data-settings=\"{&quot;_animation&quot;:&quot;fadeIn&quot;}\" data-widget_type=\"call-to-action.default\">\n\t\t\t\t\t\t\t<a class=\"elementor-cta\" href=\"https:\/\/ayseven.com.tr\/en\/iletisim\/\">\n\t\t\t\t\t<div class=\"elementor-cta__bg-wrapper\">\n\t\t\t\t<div class=\"elementor-cta__bg elementor-bg\" style=\"background-image: url(https:\/\/ayseven.com.tr\/wp-content\/uploads\/2025\/08\/Pirinc.jpg);\" role=\"img\" aria-label=\"Pirinc.jpg\"><\/div>\n\t\t\t\t<div class=\"elementor-cta__bg-overlay\"><\/div>\n\t\t\t<\/div>\n\t\t\t\t\t\t\t<div class=\"elementor-cta__content\">\n\t\t\t\t\n\t\t\t\t\t\t\t\t\t<h2 class=\"elementor-cta__title elementor-cta__content-item elementor-content-item\">\n\t\t\t\t\t\tRice\t\t\t\t\t<\/h2>\n\t\t\t\t\n\t\t\t\t\n\t\t\t\t\t\t\t<\/div>\n\t\t\t\t\t\t<\/a>\n\t\t\t\t\t\t<\/div>\n\t\t\t\t<\/div>\n\t\t<div class=\"elementor-element elementor-element-c3add2c e-con-full e-flex e-con e-child\" data-id=\"c3add2c\" data-element_type=\"container\" data-settings=\"{&quot;profecient_background_motion_effects_toggle&quot;:0,&quot;profecient_custom_cursor_toggle&quot;:false,&quot;profecient_parallax_effects_toggle&quot;:0,&quot;profecient_mouse_effects_toggle&quot;:0}\">\n\t\t\t\t<div class=\"elementor-element elementor-element-59fccae elementor-cta--skin-classic elementor-animated-content elementor-bg-transform elementor-bg-transform-zoom-in elementor-invisible elementor-widget elementor-widget-call-to-action\" data-id=\"59fccae\" data-element_type=\"widget\" data-settings=\"{&quot;_animation&quot;:&quot;fadeIn&quot;}\" data-widget_type=\"call-to-action.default\">\n\t\t\t\t\t\t\t<a class=\"elementor-cta\" href=\"https:\/\/ayseven.com.tr\/en\/iletisim\/\">\n\t\t\t\t\t<div class=\"elementor-cta__bg-wrapper\">\n\t\t\t\t<div class=\"elementor-cta__bg elementor-bg\" style=\"background-image: url(https:\/\/ayseven.com.tr\/wp-content\/uploads\/2025\/08\/Fasulye.jpg);\" role=\"img\" aria-label=\"Fasulye.jpg\"><\/div>\n\t\t\t\t<div class=\"elementor-cta__bg-overlay\"><\/div>\n\t\t\t<\/div>\n\t\t\t\t\t\t\t<div class=\"elementor-cta__content\">\n\t\t\t\t\n\t\t\t\t\t\t\t\t\t<h2 class=\"elementor-cta__title elementor-cta__content-item elementor-content-item\">\n\t\t\t\t\t\tDry Beans\t\t\t\t\t<\/h2>\n\t\t\t\t\n\t\t\t\t\n\t\t\t\t\t\t\t<\/div>\n\t\t\t\t\t\t<\/a>\n\t\t\t\t\t\t<\/div>\n\t\t\t\t<\/div>\n\t\t<div class=\"elementor-element elementor-element-58c07d8 e-con-full e-flex e-con e-child\" data-id=\"58c07d8\" data-element_type=\"container\" data-settings=\"{&quot;profecient_background_motion_effects_toggle&quot;:0,&quot;profecient_custom_cursor_toggle&quot;:false,&quot;profecient_parallax_effects_toggle&quot;:0,&quot;profecient_mouse_effects_toggle&quot;:0}\">\n\t\t\t\t<div class=\"elementor-element elementor-element-9fda4b3 elementor-cta--skin-classic elementor-animated-content elementor-bg-transform elementor-bg-transform-zoom-in elementor-invisible elementor-widget elementor-widget-call-to-action\" data-id=\"9fda4b3\" data-element_type=\"widget\" data-settings=\"{&quot;_animation&quot;:&quot;fadeIn&quot;}\" data-widget_type=\"call-to-action.default\">\n\t\t\t\t\t\t\t<a class=\"elementor-cta\" href=\"https:\/\/ayseven.com.tr\/en\/iletisim\/\">\n\t\t\t\t\t<div class=\"elementor-cta__bg-wrapper\">\n\t\t\t\t<div class=\"elementor-cta__bg elementor-bg\" style=\"background-image: url(https:\/\/ayseven.com.tr\/wp-content\/uploads\/2025\/08\/kirmizi-fasulye.jpg);\" role=\"img\" aria-label=\"kirmizi-fasulye.jpg\"><\/div>\n\t\t\t\t<div class=\"elementor-cta__bg-overlay\"><\/div>\n\t\t\t<\/div>\n\t\t\t\t\t\t\t<div class=\"elementor-cta__content\">\n\t\t\t\t\n\t\t\t\t\t\t\t\t\t<h2 class=\"elementor-cta__title elementor-cta__content-item elementor-content-item\">\n\t\t\t\t\t\tRed Kidney Bean\t\t\t\t\t<\/h2>\n\t\t\t\t\n\t\t\t\t\n\t\t\t\t\t\t\t<\/div>\n\t\t\t\t\t\t<\/a>\n\t\t\t\t\t\t<\/div>\n\t\t\t\t<\/div>\n\t\t<div class=\"elementor-element elementor-element-98dcccb e-con-full e-flex e-con e-child\" data-id=\"98dcccb\" data-element_type=\"container\" data-settings=\"{&quot;profecient_background_motion_effects_toggle&quot;:0,&quot;profecient_custom_cursor_toggle&quot;:false,&quot;profecient_parallax_effects_toggle&quot;:0,&quot;profecient_mouse_effects_toggle&quot;:0}\">\n\t\t\t\t<div class=\"elementor-element elementor-element-8274710 elementor-cta--skin-classic elementor-animated-content elementor-bg-transform elementor-bg-transform-zoom-in elementor-invisible elementor-widget elementor-widget-call-to-action\" data-id=\"8274710\" data-element_type=\"widget\" data-settings=\"{&quot;_animation&quot;:&quot;fadeIn&quot;}\" data-widget_type=\"call-to-action.default\">\n\t\t\t\t\t\t\t<a class=\"elementor-cta\" href=\"https:\/\/ayseven.com.tr\/en\/iletisim\/\">\n\t\t\t\t\t<div class=\"elementor-cta__bg-wrapper\">\n\t\t\t\t<div class=\"elementor-cta__bg elementor-bg\" style=\"background-image: url(https:\/\/ayseven.com.tr\/wp-content\/uploads\/2025\/08\/Mas-Fasulyesi.jpg);\" role=\"img\" aria-label=\"Mas-Fasulyesi.jpg\"><\/div>\n\t\t\t\t<div class=\"elementor-cta__bg-overlay\"><\/div>\n\t\t\t<\/div>\n\t\t\t\t\t\t\t<div class=\"elementor-cta__content\">\n\t\t\t\t\n\t\t\t\t\t\t\t\t\t<h2 class=\"elementor-cta__title elementor-cta__content-item elementor-content-item\">\n\t\t\t\t\t\tMung Bean\t\t\t\t\t<\/h2>\n\t\t\t\t\n\t\t\t\t\n\t\t\t\t\t\t\t<\/div>\n\t\t\t\t\t\t<\/a>\n\t\t\t\t\t\t<\/div>\n\t\t\t\t<\/div>\n\t\t\t\t\t<\/div>\n\t\t\t\t<\/div>\n\t\t<div class=\"elementor-element elementor-element-651fc10 e-flex e-con-boxed e-con e-parent\" data-id=\"651fc10\" data-element_type=\"container\" data-settings=\"{&quot;profecient_background_motion_effects_toggle&quot;:0,&quot;profecient_custom_cursor_toggle&quot;:false,&quot;profecient_parallax_effects_toggle&quot;:0,&quot;profecient_mouse_effects_toggle&quot;:0}\">\n\t\t\t\t\t<div class=\"e-con-inner\">\n\t\t<div class=\"elementor-element elementor-element-e12403f e-con-full e-flex e-con e-child\" data-id=\"e12403f\" data-element_type=\"container\" data-settings=\"{&quot;profecient_background_motion_effects_toggle&quot;:0,&quot;profecient_custom_cursor_toggle&quot;:false,&quot;profecient_parallax_effects_toggle&quot;:0,&quot;profecient_mouse_effects_toggle&quot;:0}\">\n\t\t\t\t<div class=\"elementor-element elementor-element-ef3546d elementor-cta--skin-classic elementor-animated-content elementor-bg-transform elementor-bg-transform-zoom-in elementor-invisible elementor-widget elementor-widget-call-to-action\" data-id=\"ef3546d\" data-element_type=\"widget\" data-settings=\"{&quot;_animation&quot;:&quot;fadeIn&quot;}\" data-widget_type=\"call-to-action.default\">\n\t\t\t\t\t\t\t<a class=\"elementor-cta\" href=\"https:\/\/ayseven.com.tr\/en\/iletisim\/\">\n\t\t\t\t\t<div class=\"elementor-cta__bg-wrapper\">\n\t\t\t\t<div class=\"elementor-cta__bg elementor-bg\" style=\"background-image: url(https:\/\/ayseven.com.tr\/wp-content\/uploads\/2025\/08\/Barbunya.jpg);\" role=\"img\" aria-label=\"Barbunya.jpg\"><\/div>\n\t\t\t\t<div class=\"elementor-cta__bg-overlay\"><\/div>\n\t\t\t<\/div>\n\t\t\t\t\t\t\t<div class=\"elementor-cta__content\">\n\t\t\t\t\n\t\t\t\t\t\t\t\t\t<h2 class=\"elementor-cta__title elementor-cta__content-item elementor-content-item\">\n\t\t\t\t\t\tBorlotti Beans\t\t\t\t\t<\/h2>\n\t\t\t\t\n\t\t\t\t\n\t\t\t\t\t\t\t<\/div>\n\t\t\t\t\t\t<\/a>\n\t\t\t\t\t\t<\/div>\n\t\t\t\t<\/div>\n\t\t<div class=\"elementor-element elementor-element-59002ca e-con-full e-flex e-con e-child\" data-id=\"59002ca\" data-element_type=\"container\" data-settings=\"{&quot;profecient_background_motion_effects_toggle&quot;:0,&quot;profecient_custom_cursor_toggle&quot;:false,&quot;profecient_parallax_effects_toggle&quot;:0,&quot;profecient_mouse_effects_toggle&quot;:0}\">\n\t\t\t\t<div class=\"elementor-element elementor-element-0127416 elementor-cta--skin-classic elementor-animated-content elementor-bg-transform elementor-bg-transform-zoom-in elementor-invisible elementor-widget elementor-widget-call-to-action\" data-id=\"0127416\" data-element_type=\"widget\" data-settings=\"{&quot;_animation&quot;:&quot;fadeIn&quot;}\" data-widget_type=\"call-to-action.default\">\n\t\t\t\t\t\t\t<a class=\"elementor-cta\" href=\"https:\/\/ayseven.com.tr\/en\/iletisim\/\">\n\t\t\t\t\t<div class=\"elementor-cta__bg-wrapper\">\n\t\t\t\t<div class=\"elementor-cta__bg elementor-bg\" style=\"background-image: url(https:\/\/ayseven.com.tr\/wp-content\/uploads\/2025\/08\/bezelye.jpg);\" role=\"img\" aria-label=\"bezelye.jpg\"><\/div>\n\t\t\t\t<div class=\"elementor-cta__bg-overlay\"><\/div>\n\t\t\t<\/div>\n\t\t\t\t\t\t\t<div class=\"elementor-cta__content\">\n\t\t\t\t\n\t\t\t\t\t\t\t\t\t<h2 class=\"elementor-cta__title elementor-cta__content-item elementor-content-item\">\n\t\t\t\t\t\tDried Peas\t\t\t\t\t<\/h2>\n\t\t\t\t\n\t\t\t\t\n\t\t\t\t\t\t\t<\/div>\n\t\t\t\t\t\t<\/a>\n\t\t\t\t\t\t<\/div>\n\t\t\t\t<\/div>\n\t\t<div class=\"elementor-element elementor-element-8de103a e-con-full e-flex e-con e-child\" data-id=\"8de103a\" data-element_type=\"container\" data-settings=\"{&quot;profecient_background_motion_effects_toggle&quot;:0,&quot;profecient_custom_cursor_toggle&quot;:false,&quot;profecient_parallax_effects_toggle&quot;:0,&quot;profecient_mouse_effects_toggle&quot;:0}\">\n\t\t\t\t<div class=\"elementor-element elementor-element-7f8b77e elementor-cta--skin-classic elementor-animated-content elementor-bg-transform elementor-bg-transform-zoom-in elementor-invisible elementor-widget elementor-widget-call-to-action\" data-id=\"7f8b77e\" data-element_type=\"widget\" data-settings=\"{&quot;_animation&quot;:&quot;fadeIn&quot;}\" data-widget_type=\"call-to-action.default\">\n\t\t\t\t\t\t\t<a class=\"elementor-cta\" href=\"https:\/\/ayseven.com.tr\/en\/iletisim\/\">\n\t\t\t\t\t<div class=\"elementor-cta__bg-wrapper\">\n\t\t\t\t<div class=\"elementor-cta__bg elementor-bg\" style=\"background-image: url(https:\/\/ayseven.com.tr\/wp-content\/uploads\/2025\/08\/Bakla.jpg);\" role=\"img\" aria-label=\"Bakla.jpg\"><\/div>\n\t\t\t\t<div class=\"elementor-cta__bg-overlay\"><\/div>\n\t\t\t<\/div>\n\t\t\t\t\t\t\t<div class=\"elementor-cta__content\">\n\t\t\t\t\n\t\t\t\t\t\t\t\t\t<h2 class=\"elementor-cta__title elementor-cta__content-item elementor-content-item\">\n\t\t\t\t\t\tFava Bean\t\t\t\t\t<\/h2>\n\t\t\t\t\n\t\t\t\t\n\t\t\t\t\t\t\t<\/div>\n\t\t\t\t\t\t<\/a>\n\t\t\t\t\t\t<\/div>\n\t\t\t\t<\/div>\n\t\t<div class=\"elementor-element elementor-element-4c2e8b7 e-con-full e-flex e-con e-child\" data-id=\"4c2e8b7\" data-element_type=\"container\" data-settings=\"{&quot;profecient_background_motion_effects_toggle&quot;:0,&quot;profecient_custom_cursor_toggle&quot;:false,&quot;profecient_parallax_effects_toggle&quot;:0,&quot;profecient_mouse_effects_toggle&quot;:0}\">\n\t\t\t\t<div class=\"elementor-element elementor-element-e8dd57b elementor-cta--skin-classic elementor-animated-content elementor-bg-transform elementor-bg-transform-zoom-in elementor-invisible elementor-widget elementor-widget-call-to-action\" data-id=\"e8dd57b\" data-element_type=\"widget\" data-settings=\"{&quot;_animation&quot;:&quot;fadeIn&quot;}\" data-widget_type=\"call-to-action.default\">\n\t\t\t\t\t\t\t<a class=\"elementor-cta\" href=\"https:\/\/ayseven.com.tr\/en\/iletisim\/\">\n\t\t\t\t\t<div class=\"elementor-cta__bg-wrapper\">\n\t\t\t\t<div class=\"elementor-cta__bg elementor-bg\" style=\"background-image: url(https:\/\/ayseven.com.tr\/wp-content\/uploads\/2025\/08\/borulce.jpg);\" role=\"img\" aria-label=\"borulce.jpg\"><\/div>\n\t\t\t\t<div class=\"elementor-cta__bg-overlay\"><\/div>\n\t\t\t<\/div>\n\t\t\t\t\t\t\t<div class=\"elementor-cta__content\">\n\t\t\t\t\n\t\t\t\t\t\t\t\t\t<h2 class=\"elementor-cta__title elementor-cta__content-item elementor-content-item\">\n\t\t\t\t\t\tBlack-eyed Pea\t\t\t\t\t<\/h2>\n\t\t\t\t\n\t\t\t\t\n\t\t\t\t\t\t\t<\/div>\n\t\t\t\t\t\t<\/a>\n\t\t\t\t\t\t<\/div>\n\t\t\t\t<\/div>\n\t\t\t\t\t<\/div>\n\t\t\t\t<\/div>\n\t\t<div class=\"elementor-element elementor-element-e33fab7 e-flex e-con-boxed e-con e-parent\" data-id=\"e33fab7\" data-element_type=\"container\" data-settings=\"{&quot;profecient_background_motion_effects_toggle&quot;:0,&quot;profecient_custom_cursor_toggle&quot;:false,&quot;profecient_parallax_effects_toggle&quot;:0,&quot;profecient_mouse_effects_toggle&quot;:0}\">\n\t\t\t\t\t<div class=\"e-con-inner\">\n\t\t<div class=\"elementor-element elementor-element-09bef0a e-con-full e-flex e-con e-child\" data-id=\"09bef0a\" data-element_type=\"container\" data-settings=\"{&quot;profecient_background_motion_effects_toggle&quot;:0,&quot;profecient_custom_cursor_toggle&quot;:false,&quot;profecient_parallax_effects_toggle&quot;:0,&quot;profecient_mouse_effects_toggle&quot;:0}\">\n\t\t\t\t<div class=\"elementor-element elementor-element-125ca1f elementor-cta--skin-classic elementor-animated-content elementor-bg-transform elementor-bg-transform-zoom-in elementor-invisible elementor-widget elementor-widget-call-to-action\" data-id=\"125ca1f\" data-element_type=\"widget\" data-settings=\"{&quot;_animation&quot;:&quot;fadeIn&quot;}\" data-widget_type=\"call-to-action.default\">\n\t\t\t\t\t\t\t<a class=\"elementor-cta\" href=\"https:\/\/ayseven.com.tr\/en\/iletisim\/\">\n\t\t\t\t\t<div class=\"elementor-cta__bg-wrapper\">\n\t\t\t\t<div class=\"elementor-cta__bg elementor-bg\" style=\"background-image: url(https:\/\/ayseven.com.tr\/wp-content\/uploads\/2025\/08\/Patlayan-Misir-1.jpg);\" role=\"img\" aria-label=\"Patlayan-Misir-1.jpg\"><\/div>\n\t\t\t\t<div class=\"elementor-cta__bg-overlay\"><\/div>\n\t\t\t<\/div>\n\t\t\t\t\t\t\t<div class=\"elementor-cta__content\">\n\t\t\t\t\n\t\t\t\t\t\t\t\t\t<h2 class=\"elementor-cta__title elementor-cta__content-item elementor-content-item\">\n\t\t\t\t\t\tPopcorn\t\t\t\t\t<\/h2>\n\t\t\t\t\n\t\t\t\t\n\t\t\t\t\t\t\t<\/div>\n\t\t\t\t\t\t<\/a>\n\t\t\t\t\t\t<\/div>\n\t\t\t\t<\/div>\n\t\t<div class=\"elementor-element elementor-element-ebb381e e-con-full e-flex e-con e-child\" data-id=\"ebb381e\" data-element_type=\"container\" data-settings=\"{&quot;profecient_background_motion_effects_toggle&quot;:0,&quot;profecient_custom_cursor_toggle&quot;:false,&quot;profecient_parallax_effects_toggle&quot;:0,&quot;profecient_mouse_effects_toggle&quot;:0}\">\n\t\t\t\t<div class=\"elementor-element elementor-element-13e549d elementor-cta--skin-classic elementor-animated-content elementor-bg-transform elementor-bg-transform-zoom-in elementor-invisible elementor-widget elementor-widget-call-to-action\" data-id=\"13e549d\" data-element_type=\"widget\" data-settings=\"{&quot;_animation&quot;:&quot;fadeIn&quot;}\" data-widget_type=\"call-to-action.default\">\n\t\t\t\t\t\t\t<a class=\"elementor-cta\" href=\"https:\/\/ayseven.com.tr\/en\/iletisim\/\">\n\t\t\t\t\t<div class=\"elementor-cta__bg-wrapper\">\n\t\t\t\t<div class=\"elementor-cta__bg elementor-bg\" style=\"background-image: url(https:\/\/ayseven.com.tr\/wp-content\/uploads\/2025\/08\/susam.jpg);\" role=\"img\" aria-label=\"susam.jpg\"><\/div>\n\t\t\t\t<div class=\"elementor-cta__bg-overlay\"><\/div>\n\t\t\t<\/div>\n\t\t\t\t\t\t\t<div class=\"elementor-cta__content\">\n\t\t\t\t\n\t\t\t\t\t\t\t\t\t<h2 class=\"elementor-cta__title elementor-cta__content-item elementor-content-item\">\n\t\t\t\t\t\tSesame\t\t\t\t\t<\/h2>\n\t\t\t\t\n\t\t\t\t\n\t\t\t\t\t\t\t<\/div>\n\t\t\t\t\t\t<\/a>\n\t\t\t\t\t\t<\/div>\n\t\t\t\t<\/div>\n\t\t<div class=\"elementor-element elementor-element-280653a e-con-full e-flex e-con e-child\" data-id=\"280653a\" data-element_type=\"container\" data-settings=\"{&quot;profecient_background_motion_effects_toggle&quot;:0,&quot;profecient_custom_cursor_toggle&quot;:false,&quot;profecient_parallax_effects_toggle&quot;:0,&quot;profecient_mouse_effects_toggle&quot;:0}\">\n\t\t\t\t<\/div>\n\t\t<div class=\"elementor-element elementor-element-79799c8 e-con-full e-flex e-con e-child\" data-id=\"79799c8\" data-element_type=\"container\" data-settings=\"{&quot;profecient_background_motion_effects_toggle&quot;:0,&quot;profecient_custom_cursor_toggle&quot;:false,&quot;profecient_parallax_effects_toggle&quot;:0,&quot;profecient_mouse_effects_toggle&quot;:0}\">\n\t\t\t\t<\/div>\n\t\t\t\t\t<\/div>\n\t\t\t\t<\/div>\n\t\t\t\t<\/div>","protected":false},"excerpt":{"rendered":"<p>Sofralar\u0131n vazge\u00e7ilmezi olan bakliyat \u00fcr\u00fcnlerimiz, en verimli topraklardan, titizlikle yeti\u015ftirilerek elde edilir. Nohut, mercimek, kuru fasulye ve barbunya gibi zengin protein kaynaklar\u0131, her zaman en taze ve en besleyici halleriyle sizlere ula\u015f\u0131r. K\u0131rm\u0131z\u0131 Mercimek Sar\u0131 Mercimek Ye\u015fil Mercimek Nohut Pirin\u00e7 Fasulye K\u0131rm\u0131z\u0131 Fasulye Ma\u015f Fasulyesi Barbunya Bezelye Bakla B\u00f6r\u00fclce Patlayan M\u0131s\u0131r Susam<\/p>","protected":false},"author":1,"featured_media":0,"parent":0,"menu_order":0,"comment_status":"closed","ping_status":"closed","template":"","meta":{"footnotes":""},"class_list":["post-176","page","type-page","status-publish","hentry"],"_links":{"self":[{"href":"https:\/\/ayseven.com.tr\/en\/wp-json\/wp\/v2\/pages\/176","targetHints":{"allow":["GET"]}}],"collection":[{"href":"https:\/\/ayseven.com.tr\/en\/wp-json\/wp\/v2\/pages"}],"about":[{"href":"https:\/\/ayseven.com.tr\/en\/wp-json\/wp\/v2\/types\/page"}],"author":[{"embeddable":true,"href":"https:\/\/ayseven.com.tr\/en\/wp-json\/wp\/v2\/users\/1"}],"replies":[{"embeddable":true,"href":"https:\/\/ayseven.com.tr\/en\/wp-json\/wp\/v2\/comments?post=176"}],"version-history":[{"count":17,"href":"https:\/\/ayseven.com.tr\/en\/wp-json\/wp\/v2\/pages\/176\/revisions"}],"predecessor-version":[{"id":351,"href":"https:\/\/ayseven.com.tr\/en\/wp-json\/wp\/v2\/pages\/176\/revisions\/351"}],"wp:attachment":[{"href":"https:\/\/ayseven.com.tr\/en\/wp-json\/wp\/v2\/media?parent=176"}],"curies":[{"name":"wp","href":"https:\/\/api.w.org\/{rel}","templated":true}]}}